{"id":87,"date":"2019-10-14T13:19:09","date_gmt":"2019-10-14T11:19:09","guid":{"rendered":"http:\/\/aneto.fr\/?page_id=87"},"modified":"2023-09-28T18:33:25","modified_gmt":"2023-09-28T16:33:25","slug":"politique-de-confidentialite","status":"publish","type":"page","link":"https:\/\/aneto.fr\/index.php\/politique-de-confidentialite\/","title":{"rendered":"Politique de confidentialit\u00e9"},"content":{"rendered":"\t\t<div data-elementor-type=\"wp-page\" data-elementor-id=\"87\" class=\"elementor elementor-87\">\n\t\t\t\t\t\t\t\t\t<section class=\"elementor-section elementor-top-section elementor-element elementor-element-bb161b0 elementor-section-full_width elementor-section-stretched elementor-section-height-default elementor-section-height-default elementor-invisible\" data-id=\"bb161b0\" data-element_type=\"section\" data-settings=\"{&quot;animation&quot;:&quot;fadeIn&quot;,&quot;stretch_section&quot;:&quot;section-stretched&quot;,&quot;animation_delay&quot;:200}\">\n\t\t\t\t\t\t<div class=\"elementor-container elementor-column-gap-default\">\n\t\t\t\t\t<div class=\"elementor-column elementor-col-100 elementor-top-column elementor-element elementor-element-deb9ff2\" data-id=\"deb9ff2\" data-element_type=\"column\">\n\t\t\t<div class=\"elementor-widget-wrap elementor-element-populated\">\n\t\t\t\t\t\t\t\t<div class=\"elementor-element elementor-element-a2dc9a4 elementor-widget elementor-widget-heading\" data-id=\"a2dc9a4\" data-element_type=\"widget\" data-widget_type=\"heading.default\">\n\t\t\t\t<div class=\"elementor-widget-container\">\n\t\t\t<h2 class=\"elementor-heading-title elementor-size-default\">POLITIQUE DE CONFIDENTIALIT\u00c9<\/h2>\t\t<\/div>\n\t\t\t\t<\/div>\n\t\t\t\t\t<\/div>\n\t\t<\/div>\n\t\t\t\t\t\t\t<\/div>\n\t\t<\/section>\n\t\t\t\t<section class=\"elementor-section elementor-top-section elementor-element elementor-element-ed4b9ed elementor-section-full_width elementor-section-stretched elementor-section-height-default elementor-section-height-default elementor-invisible\" data-id=\"ed4b9ed\" data-element_type=\"section\" data-settings=\"{&quot;animation&quot;:&quot;fadeIn&quot;,&quot;stretch_section&quot;:&quot;section-stretched&quot;,&quot;animation_delay&quot;:200}\">\n\t\t\t\t\t\t<div class=\"elementor-container elementor-column-gap-default\">\n\t\t\t\t\t<div class=\"elementor-column elementor-col-100 elementor-top-column elementor-element elementor-element-9047d03\" data-id=\"9047d03\" data-element_type=\"column\">\n\t\t\t<div class=\"elementor-widget-wrap elementor-element-populated\">\n\t\t\t\t\t\t\t\t<div class=\"elementor-element elementor-element-434ac5c elementor-widget elementor-widget-text-editor\" data-id=\"434ac5c\" data-element_type=\"widget\" data-widget_type=\"text-editor.default\">\n\t\t\t\t<div class=\"elementor-widget-container\">\n\t\t\t\t\t\t\t<p style=\"text-align: center;\">Introduction<\/p><p>Ceci est la Politique et la Charte de confidentialit\u00e9 (dite la \u00ab\u00a0Charte de confidentialit\u00e9\u00a0\u00bb) de la soci\u00e9t\u00e9 Aneto. La derni\u00e8re mise \u00e0 jour de cette Charte a \u00e9t\u00e9 effectu\u00e9e en septembre 2023.<\/p><p>Aneto comprend l&rsquo;importance de la vie priv\u00e9e. Aneto met tout en oeuvre pour prot\u00e9ger votre vie priv\u00e9e et la confidentialit\u00e9 des informations \u00e0 caract\u00e8re personnel que vous serez amen\u00e9 \u00e0 lui communiquer notamment en acc\u00e9dant et en utilisant les documents figurant sur le site www.aneto.fr (le \u00ab\u00a0Site\u00a0\u00bb), y compris les autres sites Internet ou applications affichant un lien vers cette Charte de confidentialit\u00e9. De plus, les informations que vous transmettez \u00e0 Aneto en r\u00e9ponse \u00e0 une demande d&rsquo;informations par courrier \u00e9lectronique ou par toute autre m\u00e9thode de communication ou via les processus de candidature \u00e0 un emploi au sein d&rsquo;Aneto seront trait\u00e9es conform\u00e9ment \u00e0 la pr\u00e9sente Charte de confidentialit\u00e9.<\/p><p>Aneto peut, \u00e0 son enti\u00e8re discr\u00e9tion, modifier cette Charte de confidentialit\u00e9. Afin de nous assur\u00e9s que vous soyez inform\u00e9s des informations que nous collectons et de l&rsquo;utilisations que nous en faisons, tout changement substantiel de notre charte figurera sur cette page. Le Site peut contenir des liens vers des sites externes qui ne sont pas soumis \u00e0 la pr\u00e9sente Charte de confidentialit\u00e9. Aneto n&rsquo;assure aucune responsabilit\u00e9 concernant les pratiques de confidentialit\u00e9 exerc\u00e9es par tout site de tiers vers lequel nous proposons un lien. Nous vous invitons \u00e0 consulter les politiques de confidentialit\u00e9 desdits sites avant d&rsquo;envoyer des informations via ces derniers.<\/p><p style=\"text-align: center;\">Votre acceptation de cette Charte de confidentialit\u00e9<\/p><p>Veuillez lire attentivement la pr\u00e9sente Charte de confidentialit\u00e9. En naviguant sur notre site Internet et en donnant votre consentement lorsque cela vous est demand\u00e9 (par exemple lorsque vous nous contactez), vous acceptez les conditions de la pr\u00e9sente Charte de confidentialit\u00e9.<\/p><p style=\"text-align: center;\">Les informations que nous collectons et l&rsquo;utilisation que nous en faisons<\/p><p>Aneto collecte des informations aupr\u00e8s de vous lorsque vous nous contactez via le formulaire de contacte sur le Site. Si vous ne fournissez pas ces informations, vous ne pourrez pas nous contacter via le formulaire. Les donn\u00e9es \u00e0 caract\u00e8re personnel que nous collectons incluent notamment les noms et pr\u00e9noms, les adresses email et les num\u00e9ros de t\u00e9l\u00e9phone.<\/p><p>Nous traitons vos donn\u00e9es \u00e0 caract\u00e8re personnel :<\/p><p><span style=\"background: var(--sydney-global-color-9);\">1. En vue de pr\u00e9server les int\u00e9r\u00eats l\u00e9gitimes poursuivis par Aneto. Cela inclut le fait de mesurer et d&rsquo;am\u00e9liorer l&rsquo;efficacit\u00e9 des programmes marketing d&rsquo;Aneto sur les diff\u00e9rents canaux et d&rsquo;am\u00e9liorer le contenu du Site, ainsi que la navigation ;<\/span><\/p><p><span style=\"background: var(--sydney-global-color-9);\">2. Sur la base de votre consentement. Dans la mesure o\u00f9 vous avez consenti au traitement de vos donn\u00e9es \u00e0 caract\u00e8re personnel \u00e0 des fins sp\u00e9cifiques (par exemple pour le formulaire de contact), la l\u00e9galit\u00e9 d&rsquo;un tel traitement se base sur votre consentement. Vous pouvez retirer votre consentement \u00e0 tout moment ;<\/span><\/p><p>3. Afin de nous conformer \u00e0 une obligation l\u00e9gale. Cela inclut les mesures contre la fraude et le blanchiment d&rsquo;argent, ainsi que les demandes de renseignements en mati\u00e8re de s\u00e9curit\u00e9 sociale et de fiscalit\u00e9.<\/p><p>Nous ne vendrons, ne partagerons, ne louerons ou ne mettrons \u00e0 disposition aucune de vos donn\u00e9es \u00e0 caract\u00e8re personnel \u00e0 des tiers, sauf \u00e0 ceux qui fournissent des services pour notre compte et qui ont besoin d&rsquo;acc\u00e9der aux informations en relation avec ces services. Ces tiers ne traitent ces informations uniquement dans le cadre et les limites allou\u00e9s \u00e0 Aneto pour le traitement desdites donn\u00e9es. En outre, Aneto pourra divulguer vos coordonn\u00e9es en r\u00e9ponse aux demandes de d\u00e9tenteurs de bonne-foi de droits de propri\u00e9t\u00e9 intellectuelle en cas d&rsquo;all\u00e9gations de contrefa\u00e7on ou de violation de tout droit de propri\u00e9t\u00e9 intellectuelle d\u00e9coulant des informations que vous avez fournies \u00e0 Aneto.<\/p><p style=\"text-align: center;\">Comment pouvons-nous \u00eatre amen\u00e9s \u00e0 partager les informations vous concernant ?<\/p><p>Les tiers, nous permettant d&rsquo;administrer le Site, avec lesquels nous pouvons \u00eatre amen\u00e9s \u00e0 partager des donn\u00e9es \u00e0 caract\u00e8re personnel comprennent nos conseillers, nos prestataires de services tiers, nos partenaires commerciaux et les organismes charg\u00e9s de l&rsquo;application de la loi.<\/p><p style=\"text-align: center;\">La conversation des donn\u00e9es \u00e0 caract\u00e8re personnel<\/p><p>Aneto conserve vos donn\u00e9es \u00e0 caract\u00e8re personnel aussi longtemps que n\u00e9cessaire ou \u00e0 l&rsquo;\u00e9gard de l&rsquo;objectif pour lequel elles ont \u00e9t\u00e9 collect\u00e9es. Nous pouvons \u00eatre amen\u00e9s \u00e0 conserver vos donn\u00e9es \u00e0 caract\u00e8re personnel plus longtemps si elles font l&rsquo;objet d&rsquo;une requ\u00eate l\u00e9gale ou si elles sont susceptibles de concerner un litige future.<\/p><p style=\"text-align: center;\">Cookies et autres technologies de suivi<\/p><p>Aneto peut utiliser des cookies sur le Site et dans ses communications afin de garder une trace de la visite de l&rsquo;Utilisateur et des communications \u00e9chang\u00e9es avec lui. Un \u00ab\u00a0cookie\u00a0\u00bb est un petit fichier de donn\u00e9es qui est envoy\u00e9 depuis un serveur web sur le navigateur de l&rsquo;Utilisateur et qui est ensuite enregistr\u00e9 sur le disque dur de l&rsquo;ordinateur. D&rsquo;autres technologies de suivi fonctionnent de mani\u00e8re similaire aux cookies et placent un petit fichier de donn\u00e9es sur les appareils de l&rsquo;Utilisateur afin de suivre son activit\u00e9 sur le site Internet et nous permettre de recueillir des informations concernant l&rsquo;utilisation de notre site et de nos services. La plupart des navigateurs permettent de supprimer les cookies du disque dur, de bloquer tous les cookies ou de recevoir un message d&rsquo;avertissement avant le stockage d&rsquo;un cookie sur l&rsquo;ordinateur. Lorsque l&rsquo;Utilisateur aura donn\u00e9 son consentement pour l&rsquo;utilisation des cookies, nous installerons un cookie sur son ordinateur ou appareil afin de la m\u00e9moriser pour la prochaine visite. L&rsquo;Utilisateur peut \u00e0 tout moment retirer son consentement en supprimant nos cookies via les param\u00e8tres de son navigateur web. Veuillez noter qu&rsquo;il se peut que vous n&rsquo;ayez pas acc\u00e8s \u00e0 certaines sections ou fonctionnalit\u00e9s du Site si le navigateur n&rsquo;accepte pas les cookies.<\/p><p style=\"text-align: center;\">Processus de s\u00e9curit\u00e9<\/p><p>Seuls les employ\u00e9s et les prestataires autoris\u00e9s auront acc\u00e8s aux donn\u00e9es que l&rsquo;Utilisateur fournira, et ce, uniquement en cas de besoin. Chaque employ\u00e9 ou prestataire ayant acc\u00e8s \u00e0 des donn\u00e9es personnelles est tenu de pr\u00e9server leur confidentialit\u00e9. Bien que nous prenions des mesures de protection pour vos donn\u00e9es personnelles, qui sont g\u00e9n\u00e9ralement consid\u00e9r\u00e9es comme \u00e9tant des normes du secteur, Aneto n&rsquo;est pas en mesure de garantir que vos donn\u00e9es personnelles ne deviendront pas accessibles \u00e0 des personnes non-autoris\u00e9es. Aneto ne saurait \u00eatre tenu pour responsable d&rsquo;une quelconque action r\u00e9sultant d&rsquo;une violation de la s\u00e9curit\u00e9 lorsque les informations sont transmises sur Internet ou un r\u00e9seau informatique public.<\/p><p style=\"text-align: center;\">Respect de la loi<\/p><p>Aneto respecte l&rsquo;ensemble des lois et des r\u00e8glements applicables en mati\u00e8re de confidentialit\u00e9. Aneto peut \u00eatre contraint de remettre les informations personnelles d&rsquo;un utilisateur ou d&rsquo;un client aux autorit\u00e9s judiciaires si une assignation \u00e0 compara\u00eetre ou tout autre ordre administratif ou juridique lui est pr\u00e9sent\u00e9, ou lorsque les lois, r\u00e8gles et r\u00e8glements d&rsquo;un pays, d&rsquo;une nation, d&rsquo;un \u00c9tat ou de toute autre juridiction applicable l&rsquo;exigent ou le permettent. En outre, en cas de violation des conditions g\u00e9n\u00e9rales d&rsquo;utilisation du pr\u00e9sent Site ou des restrictions d&rsquo;utilisation du contenu fourni dans ou via le Site, nous sommes en mesure de divulguer les informations personnelles de l&rsquo;utilisateur concern\u00e9 \u00e0 nos partenaires commerciaux affect\u00e9s ou aux autorit\u00e9s judiciaires.<\/p><p style=\"text-align: center;\">Droits d&rsquo;acc\u00e8s<\/p><p>Conform\u00e9ment aux lois applicables en mati\u00e8res de protection des donn\u00e9es, incluant mais sans s&rsquo;y limiter le RGPD, vous avez le droit de demander une copie des donn\u00e9es \u00e0 caract\u00e8re personnel que nous d\u00e9tenons vous concernant, ainsi que les d\u00e9tails relatifs \u00e0 la mani\u00e8re dont nous utilisons ces informations. Si l&rsquo;une des informations en notre possession est incorrecte ou obsol\u00e8te, vous avez le droit de la modifier ou la rectifier. Veuillez suivre la proc\u00e9dure d\u00e9crite ci-dessous et nous modifierons nos dossiers le cas \u00e9ch\u00e9ant. Vous avez \u00e9galement le droit de nous demander d&rsquo;effacer vos donn\u00e9es \u00e0 caract\u00e8re personnel, d&rsquo;arr\u00eater ou de limiter leur traitement ou leur portabilit\u00e9, et\/ou de retirer votre consentement audit traitement. Ce point ne peut pas s&rsquo;appliquer si d&rsquo;autres exigences l\u00e9gales justifient de continuer le traitement.<\/p><p>Si vous pensez que les donn\u00e9es \u00e0 caract\u00e8re personnel en notre possession sont incorrectes, ou si vous d\u00e9sirez en obtenir une copie, ou pour exercer tout autre droit relatif \u00e0 la protection des donn\u00e9es, veuillez nous contacter par adresse email \u00e0 contact@aneto.fr ou par voie postale au 11 rue Pierre-Paul Riquet 31000 \u00e0 Toulouse.<\/p><p>Veuillez noter que nous aurons besoin de v\u00e9rifier votre identit\u00e9 avant de vous fournir toute information.<\/p><p>Vous avez \u00e9galement le droit de d\u00e9poser une plainte aupr\u00e8s d&rsquo;une autorit\u00e9 de contr\u00f4le comp\u00e9tente.<\/p>\t\t\t\t\t\t<\/div>\n\t\t\t\t<\/div>\n\t\t\t\t\t<\/div>\n\t\t<\/div>\n\t\t\t\t\t\t\t<\/div>\n\t\t<\/section>\n\t\t\t\t\t\t\t<\/div>\n\t\t","protected":false},"excerpt":{"rendered":"<p>POLITIQUE DE CONFIDENTIALIT\u00c9 Introduction Ceci est la Politique et la Charte de confidentialit\u00e9 (dite la \u00ab\u00a0Charte de confidentialit\u00e9\u00a0\u00bb) de la soci\u00e9t\u00e9 Aneto. [&hellip;]<\/p>\n","protected":false},"author":2,"featured_media":0,"parent":0,"menu_order":0,"comment_status":"closed","ping_status":"closed","template":"elementor_header_footer","meta":{"_uag_custom_page_level_css":"","footnotes":""},"yoast_head":"<!-- This site is optimized with the Yoast SEO plugin v21.2 - https:\/\/yoast.com\/wordpress\/plugins\/seo\/ -->\n<title>Politique de confidentialit\u00e9 - ANETO<\/title>\n<meta name=\"robots\" content=\"index, follow, max-snippet:-1, max-image-preview:large, max-video-preview:-1\" \/>\n<link rel=\"canonical\" href=\"https:\/\/aneto.fr\/index.php\/politique-de-confidentialite\/\" \/>\n<meta property=\"og:locale\" content=\"fr_FR\" \/>\n<meta property=\"og:type\" content=\"article\" \/>\n<meta property=\"og:title\" content=\"Politique de confidentialit\u00e9 - ANETO\" \/>\n<meta property=\"og:description\" content=\"POLITIQUE DE CONFIDENTIALIT\u00c9 Introduction Ceci est la Politique et la Charte de confidentialit\u00e9 (dite la \u00ab\u00a0Charte de confidentialit\u00e9\u00a0\u00bb) de la soci\u00e9t\u00e9 Aneto. [&hellip;]\" \/>\n<meta property=\"og:url\" content=\"https:\/\/aneto.fr\/index.php\/politique-de-confidentialite\/\" \/>\n<meta property=\"og:site_name\" content=\"ANETO\" \/>\n<meta property=\"article:modified_time\" content=\"2023-09-28T16:33:25+00:00\" \/>\n<meta name=\"twitter:card\" content=\"summary_large_image\" \/>\n<meta name=\"twitter:label1\" content=\"Dur\u00e9e de lecture estim\u00e9e\" \/>\n\t<meta name=\"twitter:data1\" content=\"7 minutes\" \/>\n<script type=\"application\/ld+json\" class=\"yoast-schema-graph\">{\"@context\":\"https:\/\/schema.org\",\"@graph\":[{\"@type\":\"WebPage\",\"@id\":\"https:\/\/aneto.fr\/index.php\/politique-de-confidentialite\/\",\"url\":\"https:\/\/aneto.fr\/index.php\/politique-de-confidentialite\/\",\"name\":\"Politique de confidentialit\u00e9 - ANETO\",\"isPartOf\":{\"@id\":\"https:\/\/aneto.fr\/#website\"},\"datePublished\":\"2019-10-14T11:19:09+00:00\",\"dateModified\":\"2023-09-28T16:33:25+00:00\",\"breadcrumb\":{\"@id\":\"https:\/\/aneto.fr\/index.php\/politique-de-confidentialite\/#breadcrumb\"},\"inLanguage\":\"fr-FR\",\"potentialAction\":[{\"@type\":\"ReadAction\",\"target\":[\"https:\/\/aneto.fr\/index.php\/politique-de-confidentialite\/\"]}]},{\"@type\":\"BreadcrumbList\",\"@id\":\"https:\/\/aneto.fr\/index.php\/politique-de-confidentialite\/#breadcrumb\",\"itemListElement\":[{\"@type\":\"ListItem\",\"position\":1,\"name\":\"Accueil\",\"item\":\"https:\/\/aneto.fr\/\"},{\"@type\":\"ListItem\",\"position\":2,\"name\":\"Politique de confidentialit\u00e9\"}]},{\"@type\":\"WebSite\",\"@id\":\"https:\/\/aneto.fr\/#website\",\"url\":\"https:\/\/aneto.fr\/\",\"name\":\"ANETO\",\"description\":\"Conseil en Strat\u00e9gie pour les PME et ETI\",\"potentialAction\":[{\"@type\":\"SearchAction\",\"target\":{\"@type\":\"EntryPoint\",\"urlTemplate\":\"https:\/\/aneto.fr\/?s={search_term_string}\"},\"query-input\":\"required name=search_term_string\"}],\"inLanguage\":\"fr-FR\"}]}<\/script>\n<!-- \/ Yoast SEO plugin. -->","yoast_head_json":{"title":"Politique de confidentialit\u00e9 - ANETO","robots":{"index":"index","follow":"follow","max-snippet":"max-snippet:-1","max-image-preview":"max-image-preview:large","max-video-preview":"max-video-preview:-1"},"canonical":"https:\/\/aneto.fr\/index.php\/politique-de-confidentialite\/","og_locale":"fr_FR","og_type":"article","og_title":"Politique de confidentialit\u00e9 - ANETO","og_description":"POLITIQUE DE CONFIDENTIALIT\u00c9 Introduction Ceci est la Politique et la Charte de confidentialit\u00e9 (dite la \u00ab\u00a0Charte de confidentialit\u00e9\u00a0\u00bb) de la soci\u00e9t\u00e9 Aneto. [&hellip;]","og_url":"https:\/\/aneto.fr\/index.php\/politique-de-confidentialite\/","og_site_name":"ANETO","article_modified_time":"2023-09-28T16:33:25+00:00","twitter_card":"summary_large_image","twitter_misc":{"Dur\u00e9e de lecture estim\u00e9e":"7 minutes"},"schema":{"@context":"https:\/\/schema.org","@graph":[{"@type":"WebPage","@id":"https:\/\/aneto.fr\/index.php\/politique-de-confidentialite\/","url":"https:\/\/aneto.fr\/index.php\/politique-de-confidentialite\/","name":"Politique de confidentialit\u00e9 - ANETO","isPartOf":{"@id":"https:\/\/aneto.fr\/#website"},"datePublished":"2019-10-14T11:19:09+00:00","dateModified":"2023-09-28T16:33:25+00:00","breadcrumb":{"@id":"https:\/\/aneto.fr\/index.php\/politique-de-confidentialite\/#breadcrumb"},"inLanguage":"fr-FR","potentialAction":[{"@type":"ReadAction","target":["https:\/\/aneto.fr\/index.php\/politique-de-confidentialite\/"]}]},{"@type":"BreadcrumbList","@id":"https:\/\/aneto.fr\/index.php\/politique-de-confidentialite\/#breadcrumb","itemListElement":[{"@type":"ListItem","position":1,"name":"Accueil","item":"https:\/\/aneto.fr\/"},{"@type":"ListItem","position":2,"name":"Politique de confidentialit\u00e9"}]},{"@type":"WebSite","@id":"https:\/\/aneto.fr\/#website","url":"https:\/\/aneto.fr\/","name":"ANETO","description":"Conseil en Strat\u00e9gie pour les PME et ETI","potentialAction":[{"@type":"SearchAction","target":{"@type":"EntryPoint","urlTemplate":"https:\/\/aneto.fr\/?s={search_term_string}"},"query-input":"required name=search_term_string"}],"inLanguage":"fr-FR"}]}},"uagb_featured_image_src":{"full":false,"thumbnail":false,"medium":false,"medium_large":false,"large":false,"1536x1536":false,"2048x2048":false,"sydney-large-thumb":false,"sydney-medium-thumb":false,"sydney-small-thumb":false,"sydney-service-thumb":false,"sydney-mas-thumb":false},"uagb_author_info":{"display_name":"oceane fonder","author_link":"https:\/\/aneto.fr\/index.php\/author\/oceane\/"},"uagb_comment_info":0,"uagb_excerpt":"POLITIQUE DE CONFIDENTIALIT\u00c9 Introduction Ceci est la Politique et la Charte de confidentialit\u00e9 (dite la \u00ab\u00a0Charte de confidentialit\u00e9\u00a0\u00bb) de la soci\u00e9t\u00e9 Aneto. [&hellip;]","_links":{"self":[{"href":"https:\/\/aneto.fr\/index.php\/wp-json\/wp\/v2\/pages\/87"}],"collection":[{"href":"https:\/\/aneto.fr\/index.php\/wp-json\/wp\/v2\/pages"}],"about":[{"href":"https:\/\/aneto.fr\/index.php\/wp-json\/wp\/v2\/types\/page"}],"author":[{"embeddable":true,"href":"https:\/\/aneto.fr\/index.php\/wp-json\/wp\/v2\/users\/2"}],"replies":[{"embeddable":true,"href":"https:\/\/aneto.fr\/index.php\/wp-json\/wp\/v2\/comments?post=87"}],"version-history":[{"count":15,"href":"https:\/\/aneto.fr\/index.php\/wp-json\/wp\/v2\/pages\/87\/revisions"}],"predecessor-version":[{"id":1391,"href":"https:\/\/aneto.fr\/index.php\/wp-json\/wp\/v2\/pages\/87\/revisions\/1391"}],"wp:attachment":[{"href":"https:\/\/aneto.fr\/index.php\/wp-json\/wp\/v2\/media?parent=87"}],"curies":[{"name":"wp","href":"https:\/\/api.w.org\/{rel}","templated":true}]}}