{"id":143,"date":"2019-10-14T16:10:09","date_gmt":"2019-10-14T14:10:09","guid":{"rendered":"http:\/\/aneto.fr\/?page_id=143"},"modified":"2023-09-28T18:08:08","modified_gmt":"2023-09-28T16:08:08","slug":"mentions-legales","status":"publish","type":"page","link":"https:\/\/aneto.fr\/index.php\/mentions-legales\/","title":{"rendered":"Mentions l\u00e9gales"},"content":{"rendered":"\t\t<div data-elementor-type=\"wp-page\" data-elementor-id=\"143\" class=\"elementor elementor-143\">\n\t\t\t\t\t\t\t\t\t<section class=\"elementor-section elementor-top-section elementor-element elementor-element-4dd1ddd elementor-section-full_width elementor-section-stretched elementor-section-height-default elementor-section-height-default elementor-invisible\" data-id=\"4dd1ddd\" data-element_type=\"section\" data-settings=\"{&quot;stretch_section&quot;:&quot;section-stretched&quot;,&quot;animation&quot;:&quot;fadeIn&quot;,&quot;animation_delay&quot;:200}\">\n\t\t\t\t\t\t<div class=\"elementor-container elementor-column-gap-default\">\n\t\t\t\t\t<div class=\"elementor-column elementor-col-100 elementor-top-column elementor-element elementor-element-969698e\" data-id=\"969698e\" data-element_type=\"column\">\n\t\t\t<div class=\"elementor-widget-wrap elementor-element-populated\">\n\t\t\t\t\t\t\t\t<div class=\"elementor-element elementor-element-4635576 elementor-widget elementor-widget-heading\" data-id=\"4635576\" data-element_type=\"widget\" data-widget_type=\"heading.default\">\n\t\t\t\t<div class=\"elementor-widget-container\">\n\t\t\t<h2 class=\"elementor-heading-title elementor-size-default\">MENTIONS L\u00c9GALES<\/h2>\t\t<\/div>\n\t\t\t\t<\/div>\n\t\t\t\t\t<\/div>\n\t\t<\/div>\n\t\t\t\t\t\t\t<\/div>\n\t\t<\/section>\n\t\t\t\t<section class=\"elementor-section elementor-top-section elementor-element elementor-element-840edc2 elementor-section-full_width elementor-section-stretched elementor-section-height-default elementor-section-height-default elementor-invisible\" data-id=\"840edc2\" data-element_type=\"section\" data-settings=\"{&quot;background_background&quot;:&quot;classic&quot;,&quot;stretch_section&quot;:&quot;section-stretched&quot;,&quot;animation&quot;:&quot;fadeIn&quot;,&quot;animation_delay&quot;:200}\">\n\t\t\t\t\t\t<div class=\"elementor-container elementor-column-gap-default\">\n\t\t\t\t\t<div class=\"elementor-column elementor-col-100 elementor-top-column elementor-element elementor-element-247351a\" data-id=\"247351a\" data-element_type=\"column\">\n\t\t\t<div class=\"elementor-widget-wrap elementor-element-populated\">\n\t\t\t\t\t\t\t\t<div class=\"elementor-element elementor-element-75db79a elementor-widget elementor-widget-text-editor\" data-id=\"75db79a\" data-element_type=\"widget\" data-widget_type=\"text-editor.default\">\n\t\t\t\t<div class=\"elementor-widget-container\">\n\t\t\t\t\t\t\t<p>\u00a0<\/p><p><b>SOCI\u00c9T\u00c9<\/b><\/p><p>Le pr\u00e9sent site est la propri\u00e9t\u00e9 de ANETO SAS :<br \/>\u2022 Soci\u00e9t\u00e9 enregistr\u00e9e au RCS de Toulouse (SIRET : 849 083 688)<br \/>\u2022 Si\u00e8ge social situ\u00e9 11 rue Pierre-Paul Riquet \u00e0 Toulouse (31000)<br \/>\u2022 Capital social : 1333 euros<\/p><p><b>\u00c9DITEUR<\/b><\/p><p>Nom du site : www.aneto.fr<br \/>Directrice de la publication : Marion Bonglet<br \/>Adresse email : marion@mbonglet-communication.com<br \/>H\u00e9bergement : OVH<br \/>2 rue Kellermann 59100 Roubaix<br \/>www.ovh.com<\/p><p><b>DONN\u00c9ES PERSONNELLES<\/b><\/p><p>Conform\u00e9ment \u00e0 la loi Informatique et Libert\u00e9s n\u00b078-17 du 6 janvier 1978, vous b\u00e9n\u00e9ficiez d\u2019un droit d\u2019acc\u00e8s, de rectification et d\u2019opposition que vous pouvez exercer en vous adressant \u00e0\u00a0<a href=\"mailto:contact@aneto.fr\">contact@aneto.fr<\/a> ou par courrier au 11 rue Piere-Paul Riquet \u00e0 Toulouse (31000).<\/p>\t\t\t\t\t\t<\/div>\n\t\t\t\t<\/div>\n\t\t\t\t\t<\/div>\n\t\t<\/div>\n\t\t\t\t\t\t\t<\/div>\n\t\t<\/section>\n\t\t\t\t\t\t\t<\/div>\n\t\t","protected":false},"excerpt":{"rendered":"<p>MENTIONS L\u00c9GALES \u00a0 SOCI\u00c9T\u00c9 Le pr\u00e9sent site est la propri\u00e9t\u00e9 de ANETO SAS :\u2022 Soci\u00e9t\u00e9 enregistr\u00e9e au RCS de Toulouse (SIRET : [&hellip;]<\/p>\n","protected":false},"author":2,"featured_media":0,"parent":0,"menu_order":0,"comment_status":"closed","ping_status":"closed","template":"elementor_header_footer","meta":{"_uag_custom_page_level_css":"","footnotes":""},"yoast_head":"<!-- This site is optimized with the Yoast SEO plugin v21.2 - https:\/\/yoast.com\/wordpress\/plugins\/seo\/ -->\n<title>Mentions l\u00e9gales - ANETO<\/title>\n<meta name=\"robots\" content=\"index, follow, max-snippet:-1, max-image-preview:large, max-video-preview:-1\" \/>\n<link rel=\"canonical\" href=\"https:\/\/aneto.fr\/index.php\/mentions-legales\/\" \/>\n<meta property=\"og:locale\" content=\"fr_FR\" \/>\n<meta property=\"og:type\" content=\"article\" \/>\n<meta property=\"og:title\" content=\"Mentions l\u00e9gales - ANETO\" \/>\n<meta property=\"og:description\" content=\"MENTIONS L\u00c9GALES \u00a0 SOCI\u00c9T\u00c9 Le pr\u00e9sent site est la propri\u00e9t\u00e9 de ANETO SAS :\u2022 Soci\u00e9t\u00e9 enregistr\u00e9e au RCS de Toulouse (SIRET : [&hellip;]\" \/>\n<meta property=\"og:url\" content=\"https:\/\/aneto.fr\/index.php\/mentions-legales\/\" \/>\n<meta property=\"og:site_name\" content=\"ANETO\" \/>\n<meta property=\"article:modified_time\" content=\"2023-09-28T16:08:08+00:00\" \/>\n<meta name=\"twitter:card\" content=\"summary_large_image\" \/>\n<meta name=\"twitter:label1\" content=\"Dur\u00e9e de lecture estim\u00e9e\" \/>\n\t<meta name=\"twitter:data1\" content=\"1 minute\" \/>\n<script type=\"application\/ld+json\" class=\"yoast-schema-graph\">{\"@context\":\"https:\/\/schema.org\",\"@graph\":[{\"@type\":\"WebPage\",\"@id\":\"https:\/\/aneto.fr\/index.php\/mentions-legales\/\",\"url\":\"https:\/\/aneto.fr\/index.php\/mentions-legales\/\",\"name\":\"Mentions l\u00e9gales - ANETO\",\"isPartOf\":{\"@id\":\"https:\/\/aneto.fr\/#website\"},\"datePublished\":\"2019-10-14T14:10:09+00:00\",\"dateModified\":\"2023-09-28T16:08:08+00:00\",\"breadcrumb\":{\"@id\":\"https:\/\/aneto.fr\/index.php\/mentions-legales\/#breadcrumb\"},\"inLanguage\":\"fr-FR\",\"potentialAction\":[{\"@type\":\"ReadAction\",\"target\":[\"https:\/\/aneto.fr\/index.php\/mentions-legales\/\"]}]},{\"@type\":\"BreadcrumbList\",\"@id\":\"https:\/\/aneto.fr\/index.php\/mentions-legales\/#breadcrumb\",\"itemListElement\":[{\"@type\":\"ListItem\",\"position\":1,\"name\":\"Accueil\",\"item\":\"https:\/\/aneto.fr\/\"},{\"@type\":\"ListItem\",\"position\":2,\"name\":\"Mentions l\u00e9gales\"}]},{\"@type\":\"WebSite\",\"@id\":\"https:\/\/aneto.fr\/#website\",\"url\":\"https:\/\/aneto.fr\/\",\"name\":\"ANETO\",\"description\":\"Conseil en Strat\u00e9gie pour les PME et ETI\",\"potentialAction\":[{\"@type\":\"SearchAction\",\"target\":{\"@type\":\"EntryPoint\",\"urlTemplate\":\"https:\/\/aneto.fr\/?s={search_term_string}\"},\"query-input\":\"required name=search_term_string\"}],\"inLanguage\":\"fr-FR\"}]}<\/script>\n<!-- \/ Yoast SEO plugin. -->","yoast_head_json":{"title":"Mentions l\u00e9gales - ANETO","robots":{"index":"index","follow":"follow","max-snippet":"max-snippet:-1","max-image-preview":"max-image-preview:large","max-video-preview":"max-video-preview:-1"},"canonical":"https:\/\/aneto.fr\/index.php\/mentions-legales\/","og_locale":"fr_FR","og_type":"article","og_title":"Mentions l\u00e9gales - ANETO","og_description":"MENTIONS L\u00c9GALES \u00a0 SOCI\u00c9T\u00c9 Le pr\u00e9sent site est la propri\u00e9t\u00e9 de ANETO SAS :\u2022 Soci\u00e9t\u00e9 enregistr\u00e9e au RCS de Toulouse (SIRET : [&hellip;]","og_url":"https:\/\/aneto.fr\/index.php\/mentions-legales\/","og_site_name":"ANETO","article_modified_time":"2023-09-28T16:08:08+00:00","twitter_card":"summary_large_image","twitter_misc":{"Dur\u00e9e de lecture estim\u00e9e":"1 minute"},"schema":{"@context":"https:\/\/schema.org","@graph":[{"@type":"WebPage","@id":"https:\/\/aneto.fr\/index.php\/mentions-legales\/","url":"https:\/\/aneto.fr\/index.php\/mentions-legales\/","name":"Mentions l\u00e9gales - ANETO","isPartOf":{"@id":"https:\/\/aneto.fr\/#website"},"datePublished":"2019-10-14T14:10:09+00:00","dateModified":"2023-09-28T16:08:08+00:00","breadcrumb":{"@id":"https:\/\/aneto.fr\/index.php\/mentions-legales\/#breadcrumb"},"inLanguage":"fr-FR","potentialAction":[{"@type":"ReadAction","target":["https:\/\/aneto.fr\/index.php\/mentions-legales\/"]}]},{"@type":"BreadcrumbList","@id":"https:\/\/aneto.fr\/index.php\/mentions-legales\/#breadcrumb","itemListElement":[{"@type":"ListItem","position":1,"name":"Accueil","item":"https:\/\/aneto.fr\/"},{"@type":"ListItem","position":2,"name":"Mentions l\u00e9gales"}]},{"@type":"WebSite","@id":"https:\/\/aneto.fr\/#website","url":"https:\/\/aneto.fr\/","name":"ANETO","description":"Conseil en Strat\u00e9gie pour les PME et ETI","potentialAction":[{"@type":"SearchAction","target":{"@type":"EntryPoint","urlTemplate":"https:\/\/aneto.fr\/?s={search_term_string}"},"query-input":"required name=search_term_string"}],"inLanguage":"fr-FR"}]}},"uagb_featured_image_src":{"full":false,"thumbnail":false,"medium":false,"medium_large":false,"large":false,"1536x1536":false,"2048x2048":false,"sydney-large-thumb":false,"sydney-medium-thumb":false,"sydney-small-thumb":false,"sydney-service-thumb":false,"sydney-mas-thumb":false},"uagb_author_info":{"display_name":"oceane fonder","author_link":"https:\/\/aneto.fr\/index.php\/author\/oceane\/"},"uagb_comment_info":0,"uagb_excerpt":"MENTIONS L\u00c9GALES \u00a0 SOCI\u00c9T\u00c9 Le pr\u00e9sent site est la propri\u00e9t\u00e9 de ANETO SAS :\u2022 Soci\u00e9t\u00e9 enregistr\u00e9e au RCS de Toulouse (SIRET : [&hellip;]","_links":{"self":[{"href":"https:\/\/aneto.fr\/index.php\/wp-json\/wp\/v2\/pages\/143"}],"collection":[{"href":"https:\/\/aneto.fr\/index.php\/wp-json\/wp\/v2\/pages"}],"about":[{"href":"https:\/\/aneto.fr\/index.php\/wp-json\/wp\/v2\/types\/page"}],"author":[{"embeddable":true,"href":"https:\/\/aneto.fr\/index.php\/wp-json\/wp\/v2\/users\/2"}],"replies":[{"embeddable":true,"href":"https:\/\/aneto.fr\/index.php\/wp-json\/wp\/v2\/comments?post=143"}],"version-history":[{"count":12,"href":"https:\/\/aneto.fr\/index.php\/wp-json\/wp\/v2\/pages\/143\/revisions"}],"predecessor-version":[{"id":1364,"href":"https:\/\/aneto.fr\/index.php\/wp-json\/wp\/v2\/pages\/143\/revisions\/1364"}],"wp:attachment":[{"href":"https:\/\/aneto.fr\/index.php\/wp-json\/wp\/v2\/media?parent=143"}],"curies":[{"name":"wp","href":"https:\/\/api.w.org\/{rel}","templated":true}]}}